{"id":77,"date":"2022-01-10T18:17:43","date_gmt":"2022-01-10T18:17:43","guid":{"rendered":"https:\/\/burger-krauchthal.ch\/?page_id=77"},"modified":"2022-04-27T21:38:04","modified_gmt":"2022-04-27T19:38:04","slug":"geschichte","status":"publish","type":"page","link":"https:\/\/www.burger-krauchthal.ch\/?page_id=77","title":{"rendered":"Geschichte"},"content":{"rendered":"\n<figure class=\"wp-block-image size-full\"><img loading=\"lazy\" decoding=\"async\" width=\"100\" height=\"127\" src=\"https:\/\/burger-krauchthal.ch\/wp-content\/uploads\/2022\/01\/cropped-220px-Krauchthal-coat_of_arms.svg_-e1641741376668.png\" alt=\"\" class=\"wp-image-17\"\/><\/figure>\n\n\n\n<p style=\"font-size:28px\"><span style=\"text-decoration: underline;\">Burgerliche Korporation Krauchthal<\/span><\/p>\n\n\n\n<p class=\"has-medium-font-size\">Entstehung<\/p>\n\n\n\n<p>Gest\u00fctzt auf die 1850 vom Kanton Bern erlassenen gesetzlichen Grundlagen mussten bei der Bildung der politischen Gemeinden die G\u00fcter, die damals mehrheitlich der Kirche geh\u00f6rten aufgeteilt werden.<br>ln der Gemeinde Krauchthal geschah dies mit einem Ausscheidungsvertrag vom 21.02.1870. Barverm\u00f6gen und Grundst\u00fccke wurden der Burgerschaft, den Schulbezirken und der politischen Gemeinde zugeteilt. Die einzelnen Burger mussten ihr Nutzungsrecht damals bei der Gemeinde anmelden. Die Liegenschaftsverwaltungskommission teilte jedem Nutzungsberechtigten Holz und Land zu. 1926 entstand ein erstes Reglement, das die Zuteilungskriterien festlegte. Wer m\u00fcndig war und eine eigene (Feuerstelle) hatte bekam Holz und ein St\u00fcck Land zugeteilt. Dies geschah unter Ber\u00fccksichtigung von Einkommen, Verm\u00f6gen und eigenem Waldbesitz. Mit dem wirtschaftlichen Aufschwung ver\u00e4nderte sich die Situation der Nutzungsberechtigten dermassen, dass die Zuteilungskriterien<br>nicht mehr eingehalten werden konnten. Brennholz und Land waren nicht mehr gefragt. Der dadurch erforderliche finanzielle Ausgleich belastete die Burger Kasse dermassen, dass sich eine neue L\u00f6sung aufdr\u00e4ngte. 1971 trat ein neues Burger Reglement in Kraft. Die Burger verzichteten auf die pers\u00f6nliche Nutzniessung und zur Verwaltung der burgerlichen G\u00fcter wurden anstelle der Liegenschaftsverwaltungskommission ein Burgerrat eingesetzt. Mit der Revision des Burger Reglements im Jahre 1990 erh\u00f6hten sich die Kompetenzen des Burgerrates erheblich.<br>Der Gemeinderat \u00fcbte nur noch die 0beraufsicht aus. Mit dem Verzicht auf den Burgernutzen entstanden aus Land-, Wald- und Kapitalertr\u00e4gen fl\u00fcssige Mittel, die in erster Priorit\u00e4t f\u00fcr die Walderschliessung, das Forsthaus, die Feuerstelle auf dem L\u00e4ngenberg, den Waldlehrpfad und sp\u00e4ter zum Kauf der Ferienwohnung in Blatten\/Belalp eingesetzt wurden. Seither flossen auch namhafte Betr\u00e4ge an kulturelle Institutionen und Ortsvereine. Seit Jahren verleihen die Burger auch Anerkennungspreise in den Sparten Bildung, Kultur und Sport an Einzelpersonen und 0rtsvereine.<br>Verschiedentlich wurde die Abl\u00f6sung von der politischen Gemeinde gepr\u00fcft doch lies die damalige Staatsverfassung keine Neubildung von Burgerlichen K\u00f6rperschaften zu. Nach der Annahme der neuen Staatsverfassung und des neuen Gemeindegesetzes des Kantons Bern wurde die Bildung von Burgerlichen Korporationen wiederum m\u00f6glich. Mit externen Experten und juristischer Unterst\u00fctzung entstand ein Abl\u00f6sungsvertrag. Darin wurden die Anspr\u00fcche (Grundst\u00fccke und Finanzen) gegen\u00fcber der Einwohnergemeinde und die zuk\u00fcnftige Zusammenarbeit festgehalten. lm Jahr 2003 genehmigten die Gemeindeversammlung und die Burgerversammlung die Abl\u00f6sung von der Gemeinde. Somit bekam die Burgerliche Korporation Krauchthal auf den 01.01.2004 den Status einer \u00f6ffentlich-rechtlichen K\u00f6rperschaft.<\/p>\n\n\n\n<div class=\"wp-block-image\"><figure class=\"alignleft size-full\"><img loading=\"lazy\" decoding=\"async\" width=\"458\" height=\"845\" src=\"https:\/\/burger-krauchthal.ch\/wp-content\/uploads\/2022\/01\/image-4.png\" alt=\"\" class=\"wp-image-90\" srcset=\"https:\/\/www.burger-krauchthal.ch\/wp-content\/uploads\/2022\/01\/image-4.png 458w, https:\/\/www.burger-krauchthal.ch\/wp-content\/uploads\/2022\/01\/image-4-163x300.png 163w\" sizes=\"auto, (max-width: 458px) 100vw, 458px\" \/><\/figure><\/div>\n\n\n\n<p><\/p>\n\n\n\n<p class=\"has-medium-font-size\"><\/p>\n\n\n\n<p><\/p>\n","protected":false},"excerpt":{"rendered":"<p>Burgerliche Korporation Krauchthal Entstehung Gest\u00fctzt auf die 1850 vom Kanton Bern erlassenen gesetzlichen Grundlagen mussten bei der Bildung der politischen Gemeinden die G\u00fcter, die damals mehrheitlich der Kirche geh\u00f6rten aufgeteilt werden.ln der Gemeinde Krauchthal geschah dies mit einem Ausscheidungsvertrag vom 21.02.1870. Barverm\u00f6gen und Grundst\u00fccke wurden der Burgerschaft, den Schulbezirken und der politischen Gemeinde zugeteilt. Die <a href=\"https:\/\/www.burger-krauchthal.ch\/?page_id=77\" class=\"more-link\">...weiterlesen<span class=\"screen-reader-text\"> \"Geschichte\"<\/span><\/a><\/p>\n","protected":false},"author":1,"featured_media":0,"parent":0,"menu_order":0,"comment_status":"closed","ping_status":"closed","template":"","meta":{"footnotes":""},"class_list":["post-77","page","type-page","status-publish","h-entry","hentry","h-as-page"],"_links":{"self":[{"href":"https:\/\/www.burger-krauchthal.ch\/index.php?rest_route=\/wp\/v2\/pages\/77","targetHints":{"allow":["GET"]}}],"collection":[{"href":"https:\/\/www.burger-krauchthal.ch\/index.php?rest_route=\/wp\/v2\/pages"}],"about":[{"href":"https:\/\/www.burger-krauchthal.ch\/index.php?rest_route=\/wp\/v2\/types\/page"}],"author":[{"embeddable":true,"href":"https:\/\/www.burger-krauchthal.ch\/index.php?rest_route=\/wp\/v2\/users\/1"}],"replies":[{"embeddable":true,"href":"https:\/\/www.burger-krauchthal.ch\/index.php?rest_route=%2Fwp%2Fv2%2Fcomments&post=77"}],"version-history":[{"count":13,"href":"https:\/\/www.burger-krauchthal.ch\/index.php?rest_route=\/wp\/v2\/pages\/77\/revisions"}],"predecessor-version":[{"id":342,"href":"https:\/\/www.burger-krauchthal.ch\/index.php?rest_route=\/wp\/v2\/pages\/77\/revisions\/342"}],"wp:attachment":[{"href":"https:\/\/www.burger-krauchthal.ch\/index.php?rest_route=%2Fwp%2Fv2%2Fmedia&parent=77"}],"curies":[{"name":"wp","href":"https:\/\/api.w.org\/{rel}","templated":true}]}}