{"id":61,"date":"2022-01-09T20:11:51","date_gmt":"2022-01-09T20:11:51","guid":{"rendered":"https:\/\/burger-krauchthal.ch\/?page_id=61"},"modified":"2022-04-27T21:27:15","modified_gmt":"2022-04-27T19:27:15","slug":"waermeverbund","status":"publish","type":"page","link":"https:\/\/www.burger-krauchthal.ch\/?page_id=61","title":{"rendered":"W\u00e4rmeverbund"},"content":{"rendered":"\n<p><strong>W\u00e4rmeverbund<\/strong><\/p>\n\n\n\n<p>lm Wald w\u00e4chst W\u00e4rme! Dies bewog die Burgerliche Korporation dazu, im Jahre 2011 einen W\u00e4rmeverbund in Krauchthal zu realisieren. Die sinnvolle Nutzung des eigenen Brennholzanfalls und die \u00dcberzeugung, einheimische und erneuerbare Energie zu f\u00f6rdern, standen dabei im Zentrum. Die Heizzentrale befindet sich im Mehrzweckgeb\u00e4ude R\u00fcedismatt, von der aus ein Grossteil der Liegenschaften zwischen 0berdorf bis hin zur Thorbergstrasse mit W\u00e4rme versorgt werden. Zudem sind alle \u00f6ffentlichen Geb\u00e4ude der Gemeinde an den W\u00e4rmeverbund angeschlossen.<\/p>\n\n\n\n<p><\/p>\n\n\n\n<figure class=\"wp-block-gallery has-nested-images columns-default is-cropped wp-block-gallery-1 is-layout-flex wp-block-gallery-is-layout-flex\">\n<figure class=\"wp-block-image size-large\"><img loading=\"lazy\" decoding=\"async\" width=\"646\" height=\"496\" data-id=\"286\" src=\"https:\/\/burger-krauchthal.ch\/wp-content\/uploads\/2022\/04\/Heizung.jpg\" alt=\"\" class=\"wp-image-286\" srcset=\"https:\/\/www.burger-krauchthal.ch\/wp-content\/uploads\/2022\/04\/Heizung.jpg 646w, https:\/\/www.burger-krauchthal.ch\/wp-content\/uploads\/2022\/04\/Heizung-300x230.jpg 300w\" sizes=\"auto, (max-width: 646px) 100vw, 646px\" \/><\/figure>\n\n\n\n<figure class=\"wp-block-image size-large\"><img loading=\"lazy\" decoding=\"async\" width=\"545\" height=\"419\" data-id=\"288\" src=\"https:\/\/burger-krauchthal.ch\/wp-content\/uploads\/2022\/04\/Heizung_1.jpg\" alt=\"\" class=\"wp-image-288\" srcset=\"https:\/\/www.burger-krauchthal.ch\/wp-content\/uploads\/2022\/04\/Heizung_1.jpg 545w, https:\/\/www.burger-krauchthal.ch\/wp-content\/uploads\/2022\/04\/Heizung_1-300x231.jpg 300w\" sizes=\"auto, (max-width: 545px) 100vw, 545px\" \/><\/figure>\n\n\n\n<figure class=\"wp-block-image size-large\"><img loading=\"lazy\" decoding=\"async\" width=\"1417\" height=\"1890\" data-id=\"127\" src=\"https:\/\/burger-krauchthal.ch\/wp-content\/uploads\/2022\/01\/Unbenannt.jpg\" alt=\"\" class=\"wp-image-127\" srcset=\"https:\/\/www.burger-krauchthal.ch\/wp-content\/uploads\/2022\/01\/Unbenannt.jpg 1417w, https:\/\/www.burger-krauchthal.ch\/wp-content\/uploads\/2022\/01\/Unbenannt-225x300.jpg 225w, https:\/\/www.burger-krauchthal.ch\/wp-content\/uploads\/2022\/01\/Unbenannt-768x1024.jpg 768w, https:\/\/www.burger-krauchthal.ch\/wp-content\/uploads\/2022\/01\/Unbenannt-1152x1536.jpg 1152w, https:\/\/www.burger-krauchthal.ch\/wp-content\/uploads\/2022\/01\/Unbenannt-960x1280.jpg 960w\" sizes=\"auto, (max-width: 1417px) 100vw, 1417px\" \/><\/figure>\n<\/figure>\n\n\n\n<p><\/p>\n\n\n\n<p><\/p>\n","protected":false},"excerpt":{"rendered":"<p>W\u00e4rmeverbund lm Wald w\u00e4chst W\u00e4rme! Dies bewog die Burgerliche Korporation dazu, im Jahre 2011 einen W\u00e4rmeverbund in Krauchthal zu realisieren. Die sinnvolle Nutzung des eigenen Brennholzanfalls und die \u00dcberzeugung, einheimische und erneuerbare Energie zu f\u00f6rdern, standen dabei im Zentrum. Die Heizzentrale befindet sich im Mehrzweckgeb\u00e4ude R\u00fcedismatt, von der aus ein Grossteil der Liegenschaften zwischen 0berdorf <a href=\"https:\/\/www.burger-krauchthal.ch\/?page_id=61\" class=\"more-link\">...weiterlesen<span class=\"screen-reader-text\"> \"W\u00e4rmeverbund\"<\/span><\/a><\/p>\n","protected":false},"author":1,"featured_media":0,"parent":0,"menu_order":0,"comment_status":"closed","ping_status":"closed","template":"","meta":{"footnotes":""},"class_list":["post-61","page","type-page","status-publish","h-entry","hentry","h-as-page"],"_links":{"self":[{"href":"https:\/\/www.burger-krauchthal.ch\/index.php?rest_route=\/wp\/v2\/pages\/61","targetHints":{"allow":["GET"]}}],"collection":[{"href":"https:\/\/www.burger-krauchthal.ch\/index.php?rest_route=\/wp\/v2\/pages"}],"about":[{"href":"https:\/\/www.burger-krauchthal.ch\/index.php?rest_route=\/wp\/v2\/types\/page"}],"author":[{"embeddable":true,"href":"https:\/\/www.burger-krauchthal.ch\/index.php?rest_route=\/wp\/v2\/users\/1"}],"replies":[{"embeddable":true,"href":"https:\/\/www.burger-krauchthal.ch\/index.php?rest_route=%2Fwp%2Fv2%2Fcomments&post=61"}],"version-history":[{"count":6,"href":"https:\/\/www.burger-krauchthal.ch\/index.php?rest_route=\/wp\/v2\/pages\/61\/revisions"}],"predecessor-version":[{"id":339,"href":"https:\/\/www.burger-krauchthal.ch\/index.php?rest_route=\/wp\/v2\/pages\/61\/revisions\/339"}],"wp:attachment":[{"href":"https:\/\/www.burger-krauchthal.ch\/index.php?rest_route=%2Fwp%2Fv2%2Fmedia&parent=61"}],"curies":[{"name":"wp","href":"https:\/\/api.w.org\/{rel}","templated":true}]}}