{"id":57,"date":"2022-01-09T20:09:28","date_gmt":"2022-01-09T20:09:28","guid":{"rendered":"https:\/\/burger-krauchthal.ch\/?page_id=57"},"modified":"2024-07-23T12:39:24","modified_gmt":"2024-07-23T10:39:24","slug":"ferienwohnung","status":"publish","type":"page","link":"https:\/\/www.burger-krauchthal.ch\/?page_id=57","title":{"rendered":"Ferienwohnung"},"content":{"rendered":"\n<p><strong>Ferienwohnung \u00abHalta 2\u00bb in Blatten \/ Belalp<\/strong><\/p>\n\n\n\n<p>Ferien in der Schweiz \u2013 im gem\u00fctlichen Walliser Dorf Blatten oberhalb Naters steht die ruhig gelegene Ferienwohnung f\u00fcr alle Interessierten offen.<\/p>\n\n\n\n<figure class=\"wp-block-gallery has-nested-images columns-2 is-cropped wp-block-gallery-1 is-layout-flex wp-block-gallery-is-layout-flex\">\n<figure class=\"wp-block-image size-full\"><img loading=\"lazy\" decoding=\"async\" width=\"555\" height=\"370\" data-id=\"156\" src=\"https:\/\/burger-krauchthal.ch\/wp-content\/uploads\/2022\/01\/Blatten-Belalp-73458-1.jpg\" alt=\"\" class=\"wp-image-156\" srcset=\"https:\/\/www.burger-krauchthal.ch\/wp-content\/uploads\/2022\/01\/Blatten-Belalp-73458-1.jpg 555w, https:\/\/www.burger-krauchthal.ch\/wp-content\/uploads\/2022\/01\/Blatten-Belalp-73458-1-300x200.jpg 300w\" sizes=\"auto, (max-width: 555px) 100vw, 555px\" \/><\/figure>\n\n\n\n<figure class=\"wp-block-image size-full\"><img loading=\"lazy\" decoding=\"async\" width=\"532\" height=\"299\" data-id=\"196\" src=\"https:\/\/burger-krauchthal.ch\/wp-content\/uploads\/2022\/01\/belalp_winter_1_3177858047_532.jpg\" alt=\"\" class=\"wp-image-196\" srcset=\"https:\/\/www.burger-krauchthal.ch\/wp-content\/uploads\/2022\/01\/belalp_winter_1_3177858047_532.jpg 532w, https:\/\/www.burger-krauchthal.ch\/wp-content\/uploads\/2022\/01\/belalp_winter_1_3177858047_532-300x169.jpg 300w\" sizes=\"auto, (max-width: 532px) 100vw, 532px\" \/><\/figure>\n\n\n\n<figure class=\"wp-block-image size-full\"><img loading=\"lazy\" decoding=\"async\" width=\"1536\" height=\"2048\" data-id=\"159\" src=\"https:\/\/burger-krauchthal.ch\/wp-content\/uploads\/2022\/01\/Halta-Aussenansicht-1.jpg\" alt=\"\" class=\"wp-image-159\" srcset=\"https:\/\/www.burger-krauchthal.ch\/wp-content\/uploads\/2022\/01\/Halta-Aussenansicht-1.jpg 1536w, https:\/\/www.burger-krauchthal.ch\/wp-content\/uploads\/2022\/01\/Halta-Aussenansicht-1-225x300.jpg 225w, https:\/\/www.burger-krauchthal.ch\/wp-content\/uploads\/2022\/01\/Halta-Aussenansicht-1-768x1024.jpg 768w, https:\/\/www.burger-krauchthal.ch\/wp-content\/uploads\/2022\/01\/Halta-Aussenansicht-1-1152x1536.jpg 1152w, https:\/\/www.burger-krauchthal.ch\/wp-content\/uploads\/2022\/01\/Halta-Aussenansicht-1-960x1280.jpg 960w\" sizes=\"auto, (max-width: 1536px) 100vw, 1536px\" \/><\/figure>\n<figcaption class=\"blocks-gallery-caption wp-element-caption\">(Wohnung im 2. Stock)<\/figcaption><\/figure>\n\n\n\n<p><\/p>\n\n\n\n<p>Im Winter erwartet Sie das schneesichere Skiparadies \u00abBelalp\u00bb. Skifahren \u00fcber dem Nebel mit Sicht auf die \u00abViertausender des Wallis\u00bb. Die neue Achtergondelbahn bringt Sie in sechs Minuten ins Skigebiet. Im Sommer und Herbst bietet die Region ein vielf\u00e4ltiges Ferienangebot an. Badefreudige erreichen das Schwimmbad Naters in 10 und das bekannte Brigerbad in 15 Minuten. Das gut ausgebaute Postautonetz steht f\u00fcr Ausfl\u00fcge zur Verf\u00fcgung.<\/p>\n\n\n\n<p><\/p>\n\n\n\n<p><strong>Preise Ferienwohnung<\/strong>:<\/p>\n\n\n\n<p>Preise Wintersaison ( 01. Dezember bis 31. M\u00e4rz )<\/p>\n\n\n\n<p>Normalmiete pro Woche CHF 750.\u2013<\/p>\n\n\n\n<p>Weihnachten\/Neujahr CHF 650.\u2013<\/p>\n\n\n\n<p>Preise Sommersaison ( 01. April bis 30. November )<\/p>\n\n\n\n<p>W\u00e4hrend der Sommersaison erhalten B\u00fcrgerInnen der Gemeinde Krauchthal eine Erm\u00e4ssigung von CHF 150.\u2013 pro Woche.<\/p>\n\n\n\n<p>Normalmiete pro Woche CHF 500.\u2013<\/p>\n\n\n\n<p>Gemeindeb\u00fcrgerInnen Krauchthal CHF 350.\u2013<\/p>\n\n\n\n<p>Die Kurtaxen werden mit pauschal CHF 75.\u2013 pro Woche verrechnet.<\/p>\n\n\n\n<p><strong>F\u00fcr Reservationen und Ausk\u00fcnfte: <\/strong><\/p>\n\n\n\n<p>Renate Buri<br>Haleweg 1<br>3325 Hettiswil<\/p>\n\n\n\n<p>Home:  +41 34 411 25 14<br>Mobile: +41 79 827 85 69<br>E-Mail:&nbsp;  buri.renate@bluewin.ch<\/p>\n\n\n\n<figure class=\"wp-block-gallery has-nested-images columns-default is-cropped wp-block-gallery-2 is-layout-flex wp-block-gallery-is-layout-flex\">\n<figure class=\"wp-block-image size-large\"><img loading=\"lazy\" decoding=\"async\" width=\"768\" height=\"1024\" data-id=\"227\" src=\"https:\/\/burger-krauchthal.ch\/wp-content\/uploads\/2022\/03\/IMG-20220216-WA0003.jpg\" alt=\"\" class=\"wp-image-227\" srcset=\"https:\/\/www.burger-krauchthal.ch\/wp-content\/uploads\/2022\/03\/IMG-20220216-WA0003.jpg 768w, https:\/\/www.burger-krauchthal.ch\/wp-content\/uploads\/2022\/03\/IMG-20220216-WA0003-225x300.jpg 225w\" sizes=\"auto, (max-width: 768px) 100vw, 768px\" \/><\/figure>\n\n\n\n<figure class=\"wp-block-image size-large\"><img loading=\"lazy\" decoding=\"async\" width=\"1536\" height=\"2048\" data-id=\"154\" src=\"https:\/\/burger-krauchthal.ch\/wp-content\/uploads\/2022\/01\/Kueche.jpg\" alt=\"\" class=\"wp-image-154\" srcset=\"https:\/\/www.burger-krauchthal.ch\/wp-content\/uploads\/2022\/01\/Kueche.jpg 1536w, https:\/\/www.burger-krauchthal.ch\/wp-content\/uploads\/2022\/01\/Kueche-225x300.jpg 225w, https:\/\/www.burger-krauchthal.ch\/wp-content\/uploads\/2022\/01\/Kueche-768x1024.jpg 768w, https:\/\/www.burger-krauchthal.ch\/wp-content\/uploads\/2022\/01\/Kueche-1152x1536.jpg 1152w, https:\/\/www.burger-krauchthal.ch\/wp-content\/uploads\/2022\/01\/Kueche-960x1280.jpg 960w\" sizes=\"auto, (max-width: 1536px) 100vw, 1536px\" \/><\/figure>\n\n\n\n<figure class=\"wp-block-image size-large\"><img loading=\"lazy\" decoding=\"async\" width=\"768\" height=\"1024\" data-id=\"231\" src=\"https:\/\/burger-krauchthal.ch\/wp-content\/uploads\/2022\/03\/IMG-20220216-WA0007.jpg\" alt=\"\" class=\"wp-image-231\" srcset=\"https:\/\/www.burger-krauchthal.ch\/wp-content\/uploads\/2022\/03\/IMG-20220216-WA0007.jpg 768w, https:\/\/www.burger-krauchthal.ch\/wp-content\/uploads\/2022\/03\/IMG-20220216-WA0007-225x300.jpg 225w\" sizes=\"auto, (max-width: 768px) 100vw, 768px\" \/><\/figure>\n\n\n\n<figure class=\"wp-block-image size-large\"><img loading=\"lazy\" decoding=\"async\" width=\"768\" height=\"1024\" data-id=\"229\" src=\"https:\/\/burger-krauchthal.ch\/wp-content\/uploads\/2022\/03\/IMG-20220216-WA0005.jpg\" alt=\"\" class=\"wp-image-229\" srcset=\"https:\/\/www.burger-krauchthal.ch\/wp-content\/uploads\/2022\/03\/IMG-20220216-WA0005.jpg 768w, https:\/\/www.burger-krauchthal.ch\/wp-content\/uploads\/2022\/03\/IMG-20220216-WA0005-225x300.jpg 225w\" sizes=\"auto, (max-width: 768px) 100vw, 768px\" \/><\/figure>\n\n\n\n<figure class=\"wp-block-image size-large\"><img loading=\"lazy\" decoding=\"async\" width=\"768\" height=\"1024\" data-id=\"230\" src=\"https:\/\/burger-krauchthal.ch\/wp-content\/uploads\/2022\/03\/IMG-20220216-WA0006.jpg\" alt=\"\" class=\"wp-image-230\" srcset=\"https:\/\/www.burger-krauchthal.ch\/wp-content\/uploads\/2022\/03\/IMG-20220216-WA0006.jpg 768w, https:\/\/www.burger-krauchthal.ch\/wp-content\/uploads\/2022\/03\/IMG-20220216-WA0006-225x300.jpg 225w\" sizes=\"auto, (max-width: 768px) 100vw, 768px\" \/><\/figure>\n\n\n\n<figure class=\"wp-block-image size-large\"><img loading=\"lazy\" decoding=\"async\" width=\"1536\" height=\"2048\" data-id=\"188\" src=\"https:\/\/burger-krauchthal.ch\/wp-content\/uploads\/2022\/01\/Wohnzimmer.jpg\" alt=\"\" class=\"wp-image-188\" srcset=\"https:\/\/www.burger-krauchthal.ch\/wp-content\/uploads\/2022\/01\/Wohnzimmer.jpg 1536w, https:\/\/www.burger-krauchthal.ch\/wp-content\/uploads\/2022\/01\/Wohnzimmer-225x300.jpg 225w, https:\/\/www.burger-krauchthal.ch\/wp-content\/uploads\/2022\/01\/Wohnzimmer-768x1024.jpg 768w, https:\/\/www.burger-krauchthal.ch\/wp-content\/uploads\/2022\/01\/Wohnzimmer-1152x1536.jpg 1152w, https:\/\/www.burger-krauchthal.ch\/wp-content\/uploads\/2022\/01\/Wohnzimmer-960x1280.jpg 960w\" sizes=\"auto, (max-width: 1536px) 100vw, 1536px\" \/><\/figure>\n\n\n\n<figure class=\"wp-block-image size-large\"><img loading=\"lazy\" decoding=\"async\" width=\"768\" height=\"1024\" data-id=\"233\" src=\"https:\/\/burger-krauchthal.ch\/wp-content\/uploads\/2022\/03\/IMG-20220216-WA0009.jpg\" alt=\"\" class=\"wp-image-233\" srcset=\"https:\/\/www.burger-krauchthal.ch\/wp-content\/uploads\/2022\/03\/IMG-20220216-WA0009.jpg 768w, https:\/\/www.burger-krauchthal.ch\/wp-content\/uploads\/2022\/03\/IMG-20220216-WA0009-225x300.jpg 225w\" sizes=\"auto, (max-width: 768px) 100vw, 768px\" \/><\/figure>\n\n\n\n<figure class=\"wp-block-image size-large\"><img loading=\"lazy\" decoding=\"async\" width=\"768\" height=\"1024\" data-id=\"232\" src=\"https:\/\/burger-krauchthal.ch\/wp-content\/uploads\/2022\/03\/IMG-20220216-WA0008.jpg\" alt=\"\" class=\"wp-image-232\" srcset=\"https:\/\/www.burger-krauchthal.ch\/wp-content\/uploads\/2022\/03\/IMG-20220216-WA0008.jpg 768w, https:\/\/www.burger-krauchthal.ch\/wp-content\/uploads\/2022\/03\/IMG-20220216-WA0008-225x300.jpg 225w\" sizes=\"auto, (max-width: 768px) 100vw, 768px\" \/><\/figure>\n\n\n\n<figure class=\"wp-block-image size-large\"><img loading=\"lazy\" decoding=\"async\" width=\"768\" height=\"1024\" data-id=\"225\" src=\"https:\/\/burger-krauchthal.ch\/wp-content\/uploads\/2022\/03\/IMG-20220216-WA0002.jpg\" alt=\"\" class=\"wp-image-225\" srcset=\"https:\/\/www.burger-krauchthal.ch\/wp-content\/uploads\/2022\/03\/IMG-20220216-WA0002.jpg 768w, https:\/\/www.burger-krauchthal.ch\/wp-content\/uploads\/2022\/03\/IMG-20220216-WA0002-225x300.jpg 225w\" sizes=\"auto, (max-width: 768px) 100vw, 768px\" \/><\/figure>\n<\/figure>\n\n\n\n<p>Die grossr\u00e4umige und gut eingerichtete 3 1\/2-Zimmer-Wohnung<br>mit 5 bis 7 Betten im 2. Stock beinhaltet:<br>- ein grosses Wohnzimmer mit integrierter K\u00fcche<br>- ein Doppelschlafzimmer<br>- ein Zimmer mit 3 Betten<br>- Dusche \/ WC<br>- grosser S\u00fcd-Balkon<br>- Radio \/ TV<br>- Waschmaschine im Haus<br>- Parkplatz<br>Blatten ist der ideale Ausgangspunkt f\u00fcr Wanderungen im Gebiet Belalp und des Aletschgebietes. Der Aletschgletscher, als Herz des UNESCO - Weltnaturerbes bezeichnet, geh\u00f6rt zu den ber\u00fchmtesten Natursch\u00f6nheiten der Welt. lm Sommer und Herbst bietet die Region ein vielf\u00e4ltiges Ferienangebot an.<br>Blatten ist aber auch Ausgangspunkt f\u00fcr Ausfl\u00fcge ins ganze Wallis. Ein gut ausgebautes Postauto- und Bahnangebot steht zur Verf\u00fcgung. lm Winter l\u00e4dt das Skiparadies Belalp ein. Neue Transportanlagen<br>bef\u00f6rdern Sie in das bis in den April hinein schneesichere Gebiet.<\/p>\n","protected":false},"excerpt":{"rendered":"<p>Ferienwohnung \u00abHalta 2\u00bb in Blatten \/ Belalp Ferien in der Schweiz \u2013 im gem\u00fctlichen Walliser Dorf Blatten oberhalb Naters steht die ruhig gelegene Ferienwohnung f\u00fcr alle Interessierten offen. Im Winter erwartet Sie das schneesichere Skiparadies \u00abBelalp\u00bb. Skifahren \u00fcber dem Nebel mit Sicht auf die \u00abViertausender des Wallis\u00bb. Die neue Achtergondelbahn bringt Sie in sechs Minuten <a href=\"https:\/\/www.burger-krauchthal.ch\/?page_id=57\" class=\"more-link\">...weiterlesen<span class=\"screen-reader-text\"> \"Ferienwohnung\"<\/span><\/a><\/p>\n","protected":false},"author":1,"featured_media":0,"parent":0,"menu_order":0,"comment_status":"closed","ping_status":"closed","template":"","meta":{"footnotes":""},"class_list":["post-57","page","type-page","status-publish","h-entry","hentry","h-as-page"],"_links":{"self":[{"href":"https:\/\/www.burger-krauchthal.ch\/index.php?rest_route=\/wp\/v2\/pages\/57","targetHints":{"allow":["GET"]}}],"collection":[{"href":"https:\/\/www.burger-krauchthal.ch\/index.php?rest_route=\/wp\/v2\/pages"}],"about":[{"href":"https:\/\/www.burger-krauchthal.ch\/index.php?rest_route=\/wp\/v2\/types\/page"}],"author":[{"embeddable":true,"href":"https:\/\/www.burger-krauchthal.ch\/index.php?rest_route=\/wp\/v2\/users\/1"}],"replies":[{"embeddable":true,"href":"https:\/\/www.burger-krauchthal.ch\/index.php?rest_route=%2Fwp%2Fv2%2Fcomments&post=57"}],"version-history":[{"count":30,"href":"https:\/\/www.burger-krauchthal.ch\/index.php?rest_route=\/wp\/v2\/pages\/57\/revisions"}],"predecessor-version":[{"id":482,"href":"https:\/\/www.burger-krauchthal.ch\/index.php?rest_route=\/wp\/v2\/pages\/57\/revisions\/482"}],"wp:attachment":[{"href":"https:\/\/www.burger-krauchthal.ch\/index.php?rest_route=%2Fwp%2Fv2%2Fmedia&parent=57"}],"curies":[{"name":"wp","href":"https:\/\/api.w.org\/{rel}","templated":true}]}}