{"id":53,"date":"2022-01-09T19:54:57","date_gmt":"2022-01-09T19:54:57","guid":{"rendered":"https:\/\/burger-krauchthal.ch\/?page_id=53"},"modified":"2025-11-09T13:58:11","modified_gmt":"2025-11-09T12:58:11","slug":"forsthaus","status":"publish","type":"page","link":"https:\/\/www.burger-krauchthal.ch\/?page_id=53","title":{"rendered":"Forsthaus"},"content":{"rendered":"\n<p>Im Burgerwald Hettiswil steht das gem\u00fctliche Forsthaus zum Mieten bereit. Rund 40 Personen finden im Innern Platz. Die K\u00fcche mit Elektroherd, Backofen, K\u00fchlschrank und Abwaschmaschine erleichtert den Gastgebern die Arbeit. Das Forsthaus eignet sich gut f\u00fcr Familienanl\u00e4sse, Vorstands-und Vereinssitzungen und andere kleinere Anl\u00e4sse. Kommerzielle Veranstaltungen sind nicht erlaubt. Die Aussenfeuerstelle kann nicht reserviert werden.<\/p>\n\n\n\n<p>Miete: CHF 240.\u2013<\/p>\n\n\n\n<p><strong>Reservationen und Ausk\u00fcnfte<\/strong><\/p>\n\n\n\n<p>Regula und Bernhard Gehrig<br>Husmatt 11<br>3325 Hettiswil<br>Telefon: +41 34 411 00 30<\/p>\n\n\n\n<figure class=\"wp-block-gallery has-nested-images columns-default is-cropped wp-block-gallery-1 is-layout-flex wp-block-gallery-is-layout-flex\">\n<figure class=\"wp-block-image size-large is-style-default\"><img loading=\"lazy\" decoding=\"async\" width=\"1024\" height=\"683\" data-id=\"328\" src=\"https:\/\/burger-krauchthal.ch\/wp-content\/uploads\/2022\/04\/Aussen_009-1-1024x683.jpg\" alt=\"\" class=\"wp-image-328\" srcset=\"https:\/\/www.burger-krauchthal.ch\/wp-content\/uploads\/2022\/04\/Aussen_009-1-1024x683.jpg 1024w, https:\/\/www.burger-krauchthal.ch\/wp-content\/uploads\/2022\/04\/Aussen_009-1-300x200.jpg 300w, https:\/\/www.burger-krauchthal.ch\/wp-content\/uploads\/2022\/04\/Aussen_009-1-768x512.jpg 768w, https:\/\/www.burger-krauchthal.ch\/wp-content\/uploads\/2022\/04\/Aussen_009-1-1536x1024.jpg 1536w, https:\/\/www.burger-krauchthal.ch\/wp-content\/uploads\/2022\/04\/Aussen_009-1-2048x1366.jpg 2048w, https:\/\/www.burger-krauchthal.ch\/wp-content\/uploads\/2022\/04\/Aussen_009-1-960x640.jpg 960w\" sizes=\"auto, (max-width: 1024px) 100vw, 1024px\" \/><\/figure>\n\n\n\n<figure class=\"wp-block-image size-large is-style-default\"><img loading=\"lazy\" decoding=\"async\" width=\"1024\" height=\"683\" data-id=\"322\" src=\"https:\/\/burger-krauchthal.ch\/wp-content\/uploads\/2022\/04\/Aussen_016-1-1024x683.jpg\" alt=\"\" class=\"wp-image-322\" srcset=\"https:\/\/www.burger-krauchthal.ch\/wp-content\/uploads\/2022\/04\/Aussen_016-1-1024x683.jpg 1024w, https:\/\/www.burger-krauchthal.ch\/wp-content\/uploads\/2022\/04\/Aussen_016-1-300x200.jpg 300w, https:\/\/www.burger-krauchthal.ch\/wp-content\/uploads\/2022\/04\/Aussen_016-1-768x512.jpg 768w, https:\/\/www.burger-krauchthal.ch\/wp-content\/uploads\/2022\/04\/Aussen_016-1-1536x1024.jpg 1536w, https:\/\/www.burger-krauchthal.ch\/wp-content\/uploads\/2022\/04\/Aussen_016-1-2048x1366.jpg 2048w, https:\/\/www.burger-krauchthal.ch\/wp-content\/uploads\/2022\/04\/Aussen_016-1-960x640.jpg 960w\" sizes=\"auto, (max-width: 1024px) 100vw, 1024px\" \/><\/figure>\n\n\n\n<figure class=\"wp-block-image size-large is-style-default\"><img loading=\"lazy\" decoding=\"async\" width=\"1024\" height=\"683\" data-id=\"329\" src=\"https:\/\/burger-krauchthal.ch\/wp-content\/uploads\/2022\/04\/Aussen_005-2-1024x683.jpg\" alt=\"\" class=\"wp-image-329\" srcset=\"https:\/\/www.burger-krauchthal.ch\/wp-content\/uploads\/2022\/04\/Aussen_005-2-1024x683.jpg 1024w, https:\/\/www.burger-krauchthal.ch\/wp-content\/uploads\/2022\/04\/Aussen_005-2-300x200.jpg 300w, https:\/\/www.burger-krauchthal.ch\/wp-content\/uploads\/2022\/04\/Aussen_005-2-768x512.jpg 768w, https:\/\/www.burger-krauchthal.ch\/wp-content\/uploads\/2022\/04\/Aussen_005-2-1536x1024.jpg 1536w, https:\/\/www.burger-krauchthal.ch\/wp-content\/uploads\/2022\/04\/Aussen_005-2-2048x1366.jpg 2048w, https:\/\/www.burger-krauchthal.ch\/wp-content\/uploads\/2022\/04\/Aussen_005-2-960x640.jpg 960w\" sizes=\"auto, (max-width: 1024px) 100vw, 1024px\" \/><\/figure>\n\n\n\n<figure class=\"wp-block-image size-large is-style-default\"><img loading=\"lazy\" decoding=\"async\" width=\"1024\" height=\"683\" data-id=\"325\" src=\"https:\/\/burger-krauchthal.ch\/wp-content\/uploads\/2022\/04\/Innen_009-1-1024x683.jpg\" alt=\"\" class=\"wp-image-325\" srcset=\"https:\/\/www.burger-krauchthal.ch\/wp-content\/uploads\/2022\/04\/Innen_009-1-1024x683.jpg 1024w, https:\/\/www.burger-krauchthal.ch\/wp-content\/uploads\/2022\/04\/Innen_009-1-300x200.jpg 300w, https:\/\/www.burger-krauchthal.ch\/wp-content\/uploads\/2022\/04\/Innen_009-1-768x512.jpg 768w, https:\/\/www.burger-krauchthal.ch\/wp-content\/uploads\/2022\/04\/Innen_009-1-1536x1024.jpg 1536w, https:\/\/www.burger-krauchthal.ch\/wp-content\/uploads\/2022\/04\/Innen_009-1-2048x1366.jpg 2048w, https:\/\/www.burger-krauchthal.ch\/wp-content\/uploads\/2022\/04\/Innen_009-1-960x640.jpg 960w\" sizes=\"auto, (max-width: 1024px) 100vw, 1024px\" \/><\/figure>\n\n\n\n<figure class=\"wp-block-image size-large is-style-default\"><img loading=\"lazy\" decoding=\"async\" width=\"1024\" height=\"683\" data-id=\"323\" src=\"https:\/\/burger-krauchthal.ch\/wp-content\/uploads\/2022\/04\/Innen_003-1-1024x683.jpg\" alt=\"\" class=\"wp-image-323\" srcset=\"https:\/\/www.burger-krauchthal.ch\/wp-content\/uploads\/2022\/04\/Innen_003-1-1024x683.jpg 1024w, https:\/\/www.burger-krauchthal.ch\/wp-content\/uploads\/2022\/04\/Innen_003-1-300x200.jpg 300w, https:\/\/www.burger-krauchthal.ch\/wp-content\/uploads\/2022\/04\/Innen_003-1-768x512.jpg 768w, https:\/\/www.burger-krauchthal.ch\/wp-content\/uploads\/2022\/04\/Innen_003-1-1536x1024.jpg 1536w, https:\/\/www.burger-krauchthal.ch\/wp-content\/uploads\/2022\/04\/Innen_003-1-2048x1366.jpg 2048w, https:\/\/www.burger-krauchthal.ch\/wp-content\/uploads\/2022\/04\/Innen_003-1-960x640.jpg 960w\" sizes=\"auto, (max-width: 1024px) 100vw, 1024px\" \/><\/figure>\n\n\n\n<figure class=\"wp-block-image size-large is-style-default\"><img loading=\"lazy\" decoding=\"async\" width=\"1024\" height=\"683\" data-id=\"327\" src=\"https:\/\/burger-krauchthal.ch\/wp-content\/uploads\/2022\/04\/Innen_013-1-1024x683.jpg\" alt=\"\" class=\"wp-image-327\" srcset=\"https:\/\/www.burger-krauchthal.ch\/wp-content\/uploads\/2022\/04\/Innen_013-1-1024x683.jpg 1024w, https:\/\/www.burger-krauchthal.ch\/wp-content\/uploads\/2022\/04\/Innen_013-1-300x200.jpg 300w, https:\/\/www.burger-krauchthal.ch\/wp-content\/uploads\/2022\/04\/Innen_013-1-768x512.jpg 768w, https:\/\/www.burger-krauchthal.ch\/wp-content\/uploads\/2022\/04\/Innen_013-1-1536x1024.jpg 1536w, https:\/\/www.burger-krauchthal.ch\/wp-content\/uploads\/2022\/04\/Innen_013-1-2048x1366.jpg 2048w, https:\/\/www.burger-krauchthal.ch\/wp-content\/uploads\/2022\/04\/Innen_013-1-960x640.jpg 960w\" sizes=\"auto, (max-width: 1024px) 100vw, 1024px\" \/><\/figure>\n\n\n\n<figure class=\"wp-block-image size-large is-style-default\"><img loading=\"lazy\" decoding=\"async\" width=\"1024\" height=\"683\" data-id=\"326\" src=\"https:\/\/burger-krauchthal.ch\/wp-content\/uploads\/2022\/04\/Kueche_003-1-1024x683.jpg\" alt=\"\" class=\"wp-image-326\" srcset=\"https:\/\/www.burger-krauchthal.ch\/wp-content\/uploads\/2022\/04\/Kueche_003-1-1024x683.jpg 1024w, https:\/\/www.burger-krauchthal.ch\/wp-content\/uploads\/2022\/04\/Kueche_003-1-300x200.jpg 300w, https:\/\/www.burger-krauchthal.ch\/wp-content\/uploads\/2022\/04\/Kueche_003-1-768x512.jpg 768w, https:\/\/www.burger-krauchthal.ch\/wp-content\/uploads\/2022\/04\/Kueche_003-1-1536x1024.jpg 1536w, https:\/\/www.burger-krauchthal.ch\/wp-content\/uploads\/2022\/04\/Kueche_003-1-2048x1366.jpg 2048w, https:\/\/www.burger-krauchthal.ch\/wp-content\/uploads\/2022\/04\/Kueche_003-1-960x640.jpg 960w\" sizes=\"auto, (max-width: 1024px) 100vw, 1024px\" \/><\/figure>\n\n\n\n<figure class=\"wp-block-image size-large is-style-default\"><img loading=\"lazy\" decoding=\"async\" width=\"1024\" height=\"683\" data-id=\"324\" src=\"https:\/\/burger-krauchthal.ch\/wp-content\/uploads\/2022\/04\/Toilette_002-1-1024x683.jpg\" alt=\"\" class=\"wp-image-324\" srcset=\"https:\/\/www.burger-krauchthal.ch\/wp-content\/uploads\/2022\/04\/Toilette_002-1-1024x683.jpg 1024w, https:\/\/www.burger-krauchthal.ch\/wp-content\/uploads\/2022\/04\/Toilette_002-1-300x200.jpg 300w, https:\/\/www.burger-krauchthal.ch\/wp-content\/uploads\/2022\/04\/Toilette_002-1-768x512.jpg 768w, https:\/\/www.burger-krauchthal.ch\/wp-content\/uploads\/2022\/04\/Toilette_002-1-1536x1024.jpg 1536w, https:\/\/www.burger-krauchthal.ch\/wp-content\/uploads\/2022\/04\/Toilette_002-1-2048x1366.jpg 2048w, https:\/\/www.burger-krauchthal.ch\/wp-content\/uploads\/2022\/04\/Toilette_002-1-960x640.jpg 960w\" sizes=\"auto, (max-width: 1024px) 100vw, 1024px\" \/><\/figure>\n\n\n\n<figure class=\"wp-block-image size-large is-style-default\"><img loading=\"lazy\" decoding=\"async\" width=\"1024\" height=\"768\" data-id=\"321\" src=\"https:\/\/burger-krauchthal.ch\/wp-content\/uploads\/2022\/04\/IMG-20211026-WA0006-1024x768.jpg\" alt=\"\" class=\"wp-image-321\" srcset=\"https:\/\/www.burger-krauchthal.ch\/wp-content\/uploads\/2022\/04\/IMG-20211026-WA0006-1024x768.jpg 1024w, https:\/\/www.burger-krauchthal.ch\/wp-content\/uploads\/2022\/04\/IMG-20211026-WA0006-300x225.jpg 300w, https:\/\/www.burger-krauchthal.ch\/wp-content\/uploads\/2022\/04\/IMG-20211026-WA0006-768x576.jpg 768w, https:\/\/www.burger-krauchthal.ch\/wp-content\/uploads\/2022\/04\/IMG-20211026-WA0006-1536x1152.jpg 1536w, https:\/\/www.burger-krauchthal.ch\/wp-content\/uploads\/2022\/04\/IMG-20211026-WA0006-960x720.jpg 960w, https:\/\/www.burger-krauchthal.ch\/wp-content\/uploads\/2022\/04\/IMG-20211026-WA0006.jpg 2048w\" sizes=\"auto, (max-width: 1024px) 100vw, 1024px\" \/><\/figure>\n<\/figure>\n\n\n\n<p><\/p>\n\n\n\n<p><strong>Mietvertrag<\/strong><\/p>\n\n\n\n<p><strong>Forsthaus Burgerliche Korporation Krauchthal<\/strong><\/p>\n\n\n\n<p>Der Mieter anerkennt die folgenden Mietbedingungen:<\/p>\n\n\n\n<p>1.&nbsp;&nbsp;&nbsp;&nbsp;&nbsp; Das Forsthaus darf nur zum Eigengebrauch gemietet werden. Untervermietung wird mit einer Busse bis zu CHF&nbsp;200.00 bestraft.<\/p>\n\n\n\n<p>2.&nbsp;&nbsp;&nbsp;&nbsp;&nbsp; Mutwillig verursachte Sch\u00e4den an Haus, Einrichtungen, Mobiliar und Umgebung sowie fehlendes Material werden in Rechnung gestellt.<\/p>\n\n\n\n<p>3.&nbsp;&nbsp;&nbsp;&nbsp;&nbsp; Mehraufwendungen des Hauswartes infolge starker oder aussergew\u00f6hnlicher Verschmutzung des Forsthauses und der n\u00e4heren Umgebung werden zus\u00e4tzlich, nach Aufwand, verrechnet.<\/p>\n\n\n\n<p>4.&nbsp;&nbsp;&nbsp;&nbsp;&nbsp; Das Forsthaus ist in <strong>gereinigtem Zustand<\/strong> zu verlassen, d.h. Geschirr sauber abgewaschen, abgetrocknet und versorgt. Tische gereinigt, St\u00fchle auf die Tische gestellt, Boden gewischt, Toilettenanlage geputzt. Aufgeh\u00e4ngte Ballone und Dekorationen sind im und um das Haus zu entfernen.<\/p>\n\n\n\n<p>5.&nbsp;&nbsp;&nbsp;&nbsp;&nbsp; Hinweistafeln und Markierungen auf den Zufahrtswegen sind nach der Ben\u00fctzung zu entfernen.<\/p>\n\n\n\n<p>6.&nbsp;&nbsp;&nbsp;&nbsp;&nbsp; Pro Vermietung d\u00fcrfen nur <strong>2 Autos<\/strong> beim Forsthaus abgestellt werden. Die entsprechenden Vignetten werden vom Hauswart abgegeben und sind diesem wiederum zur\u00fcckzugeben.<\/p>\n\n\n\n<p>7.&nbsp;&nbsp;&nbsp;&nbsp;&nbsp; Die Feuerstelle im Freien steht allen Mietern und allf\u00e4lligen Passanten kostenlos zur Verf\u00fcgung. Sie ist in gereinigtem Zustand zu verlassen.<\/p>\n\n\n\n<p>8.&nbsp;&nbsp;&nbsp;&nbsp;&nbsp; Klapp- und Ap\u00e9rotische f\u00fcr den Gebrauch im Freien k\u00f6nnen beim Hauswart verlangt werden.<\/p>\n\n\n\n<p>9.&nbsp;&nbsp;&nbsp;&nbsp;&nbsp; Der angefallene <strong>Kehricht ist von jedem Mieter mitzunehmen.<\/strong> Zur\u00fcckgelassener Kehricht wird zus\u00e4tzlich in Rechnung gestellt.<\/p>\n\n\n\n<p>10.&nbsp;&nbsp; Der Verkauf von Getr\u00e4nken und Esswaren an Dritte ist nicht gestattet.<\/p>\n\n\n\n<p>11.&nbsp;&nbsp; Die Miete beginnt fr\u00fchestens um 10.00 Uhr und endet um 05.00 Uhr am Folgetag.<\/p>\n\n\n\n<p>12.&nbsp;&nbsp; Der Burgerrat kann <strong>jederzeit Kontrollen<\/strong> durchf\u00fchren, er setzt die zus\u00e4tzlichen Geb\u00fchren fest und beh\u00e4lt sich vor, fehlbare Mieter von sp\u00e4teren Mieten auszuschliessen.<\/p>\n\n\n\n<p>13.&nbsp;&nbsp; Stornogeb\u00fchr: Sofern das Forsthaus nicht weitervermietet werden kann, wird bei einer Annullation der Reservierung eine Geb\u00fchr von CHF&nbsp;150.00 f\u00e4llig. \u00dcber Ausnahmen entscheidet der Burgerrat.<\/p>\n","protected":false},"excerpt":{"rendered":"<p>Im Burgerwald Hettiswil steht das gem\u00fctliche Forsthaus zum Mieten bereit. Rund 40 Personen finden im Innern Platz. Die K\u00fcche mit Elektroherd, Backofen, K\u00fchlschrank und Abwaschmaschine erleichtert den Gastgebern die Arbeit. Das Forsthaus eignet sich gut f\u00fcr Familienanl\u00e4sse, Vorstands-und Vereinssitzungen und andere kleinere Anl\u00e4sse. Kommerzielle Veranstaltungen sind nicht erlaubt. Die Aussenfeuerstelle kann nicht reserviert werden. Miete: <a href=\"https:\/\/www.burger-krauchthal.ch\/?page_id=53\" class=\"more-link\">...weiterlesen<span class=\"screen-reader-text\"> \"Forsthaus\"<\/span><\/a><\/p>\n","protected":false},"author":1,"featured_media":0,"parent":0,"menu_order":0,"comment_status":"closed","ping_status":"closed","template":"","meta":{"footnotes":""},"class_list":["post-53","page","type-page","status-publish","h-entry","hentry","h-as-page"],"_links":{"self":[{"href":"https:\/\/www.burger-krauchthal.ch\/index.php?rest_route=\/wp\/v2\/pages\/53","targetHints":{"allow":["GET"]}}],"collection":[{"href":"https:\/\/www.burger-krauchthal.ch\/index.php?rest_route=\/wp\/v2\/pages"}],"about":[{"href":"https:\/\/www.burger-krauchthal.ch\/index.php?rest_route=\/wp\/v2\/types\/page"}],"author":[{"embeddable":true,"href":"https:\/\/www.burger-krauchthal.ch\/index.php?rest_route=\/wp\/v2\/users\/1"}],"replies":[{"embeddable":true,"href":"https:\/\/www.burger-krauchthal.ch\/index.php?rest_route=%2Fwp%2Fv2%2Fcomments&post=53"}],"version-history":[{"count":16,"href":"https:\/\/www.burger-krauchthal.ch\/index.php?rest_route=\/wp\/v2\/pages\/53\/revisions"}],"predecessor-version":[{"id":539,"href":"https:\/\/www.burger-krauchthal.ch\/index.php?rest_route=\/wp\/v2\/pages\/53\/revisions\/539"}],"wp:attachment":[{"href":"https:\/\/www.burger-krauchthal.ch\/index.php?rest_route=%2Fwp%2Fv2%2Fmedia&parent=53"}],"curies":[{"name":"wp","href":"https:\/\/api.w.org\/{rel}","templated":true}]}}